{"id":1135,"date":"2025-05-28T13:52:52","date_gmt":"2025-05-28T13:52:52","guid":{"rendered":"https:\/\/zerodoors.es\/?page_id=1135"},"modified":"2025-05-28T14:00:53","modified_gmt":"2025-05-28T14:00:53","slug":"aviso-legal","status":"publish","type":"page","link":"https:\/\/zerodoors.es\/index.php\/aviso-legal\/","title":{"rendered":"Aviso Legal"},"content":{"rendered":"\t\t<div data-elementor-type=\"wp-page\" data-elementor-id=\"1135\" class=\"elementor elementor-1135\" data-elementor-post-type=\"page\">\n\t\t\t\t<div class=\"elementor-element elementor-element-8a73209 e-flex e-con-boxed e-con e-parent\" data-id=\"8a73209\" data-element_type=\"container\">\n\t\t\t\t\t<div class=\"e-con-inner\">\n\t\t\t\t<div class=\"elementor-element elementor-element-270810a elementor-widget elementor-widget-heading\" data-id=\"270810a\" data-element_type=\"widget\" data-widget_type=\"heading.default\">\n\t\t\t\t<div class=\"elementor-widget-container\">\n\t\t\t\t\t<h2 class=\"elementor-heading-title elementor-size-default\">Aviso Legal<\/h2>\t\t\t\t<\/div>\n\t\t\t\t<\/div>\n\t\t\t\t<div class=\"elementor-element elementor-element-7f254c7 elementor-widget elementor-widget-heading\" data-id=\"7f254c7\" data-element_type=\"widget\" data-widget_type=\"heading.default\">\n\t\t\t\t<div class=\"elementor-widget-container\">\n\t\t\t\t\t<h2 class=\"elementor-heading-title elementor-size-default\">\u00daltima actualizaci\u00f3n: 28\/05\/2025<\/h2>\t\t\t\t<\/div>\n\t\t\t\t<\/div>\n\t\t\t\t<div class=\"elementor-element elementor-element-c4da96d elementor-widget elementor-widget-text-editor\" data-id=\"c4da96d\" data-element_type=\"widget\" data-widget_type=\"text-editor.default\">\n\t\t\t\t<div class=\"elementor-widget-container\">\n\t\t\t\t\t\t\t\t\t<h3 data-start=\"354\" data-end=\"386\">1. Titularidad del Sitio Web<\/h3><p data-start=\"388\" data-end=\"510\">En cumplimiento de la legislaci\u00f3n vigente, se informa que el presente sitio web [URL del sitio o dominio] es propiedad de:<\/p><p data-start=\"512\" data-end=\"820\"><strong data-start=\"512\" data-end=\"537\">Nombre de la Empresa:<\/strong> Zerodoors<br data-start=\"724\" data-end=\"727\" \/><strong data-start=\"727\" data-end=\"752\">Tel\u00e9fono de contacto:<\/strong> <a href=\"https:\/\/www.google.com\/search?q=zerodoors&amp;sca_esv=f80c30592a28dc32&amp;ei=lRU3aLHCGtKqkdUP0c2NyAg&amp;ved=0ahUKEwjx4N2oqMaNAxVSVaQEHdFmA4kQ4dUDCBA&amp;uact=5&amp;oq=zerodoors&amp;gs_lp=Egxnd3Mtd2l6LXNlcnAiCXplcm9kb29yczIHEAAYgAQYCjIIEAAYgAQYogQyCBAAGIAEGKIEMggQABiABBiiBEjaEFD2DVj2DXABeAGQAQCYAV6gAV6qAQExuAEDyAEA-AEBmAIBoAJvmAMA4gMFEgExIECIBgGSBwMwLjGgB-sCsgcDMC4xuAdvwgcDMy0xyAcP&amp;sclient=gws-wiz-serp#\" data-dtype=\"d3ph\" data-local-attribute=\"d3ph\" data-ved=\"2ahUKEwi_5O-rqMaNAxXHTaQEHYtFMMQQkAgoAHoECDUQAw\"><span aria-label=\"Llamar al n\u00famero de tel\u00e9fono 699 21 97 00\">699 21 97 00<\/span><\/a><br data-start=\"773\" data-end=\"776\" \/><strong data-start=\"776\" data-end=\"799\">Correo electr\u00f3nico:<\/strong> zerodoors@zerodoors.es<\/p><h3 data-start=\"822\" data-end=\"835\">2. Objeto<\/h3><p data-start=\"837\" data-end=\"1034\">El presente sitio tiene por objeto ofrecer informaci\u00f3n sobre puertas de PVC y facilitar un canal de contacto para que los usuarios puedan solicitar atenci\u00f3n comercial o presupuestos personalizados.<\/p><p data-start=\"1036\" data-end=\"1182\">Este sitio no realiza ventas directas. A trav\u00e9s del formulario de contacto, los usuarios pueden solicitar ser contactados por un asesor comercial.<\/p><h3 data-start=\"1184\" data-end=\"1212\">3. Propiedad Intelectual<\/h3><p data-start=\"1214\" data-end=\"1455\">Todos los contenidos del sitio web (textos, im\u00e1genes, dise\u00f1o gr\u00e1fico, c\u00f3digo, logotipos, etc.) son propiedad de [Nombre de la Empresa] o de sus respectivos titulares, y est\u00e1n protegidos por la normativa de propiedad intelectual e industrial.<\/p><p data-start=\"1457\" data-end=\"1541\">Est\u00e1 prohibida su reproducci\u00f3n total o parcial sin autorizaci\u00f3n expresa por escrito.<\/p><h3 data-start=\"1543\" data-end=\"1565\">4. Responsabilidad<\/h3><p data-start=\"1567\" data-end=\"1785\">Zerpdoors no se responsabiliza del mal uso que los usuarios puedan hacer de la informaci\u00f3n publicada en el sitio, ni de los posibles errores t\u00e9cnicos o fallos temporales en el funcionamiento del sitio web.<\/p><h3 data-start=\"1908\" data-end=\"1934\">5. Protecci\u00f3n de Datos<\/h3><p data-start=\"1936\" data-end=\"2088\">El tratamiento de los datos personales recabados a trav\u00e9s del sitio se rige por nuestra [Pol\u00edtica de Privacidad], que puedes consultar <a href=\"https:\/\/zerodoors.es\/index.php\/privacy-policy\/\" target=\"_blank\" rel=\"noopener\">aqu\u00ed<\/a>.<\/p><h3 data-start=\"2090\" data-end=\"2133\">6. Legislaci\u00f3n y jurisdicci\u00f3n aplicable<\/h3><p data-start=\"2135\" data-end=\"2288\">Este sitio web se rige por las leyes de Espa\u00f1a, y cualquier controversia ser\u00e1 sometida a los tribunales competentes de Valencia.<\/p>\t\t\t\t\t\t\t\t<\/div>\n\t\t\t\t<\/div>\n\t\t\t\t\t<\/div>\n\t\t\t\t<\/div>\n\t\t\t\t<\/div>\n\t\t","protected":false},"excerpt":{"rendered":"<p>Aviso Legal \u00daltima actualizaci\u00f3n: 28\/05\/2025 1. Titularidad del Sitio Web En cumplimiento de la legislaci\u00f3n vigente, se informa que el presente sitio web [URL del sitio o dominio] es propiedad de: Nombre de la Empresa: ZerodoorsTel\u00e9fono de contacto: 699 21 97 00Correo electr\u00f3nico: zerodoors@zerodoors.es 2. Objeto El presente sitio tiene por objeto ofrecer informaci\u00f3n sobre [&hellip;]<\/p>\n","protected":false},"author":1,"featured_media":0,"parent":0,"menu_order":0,"comment_status":"closed","ping_status":"closed","template":"","meta":{"footnotes":""},"class_list":["post-1135","page","type-page","status-publish","hentry"],"yoast_head":"<!-- This site is optimized with the Yoast SEO plugin v25.9 - https:\/\/yoast.com\/wordpress\/plugins\/seo\/ -->\n<title>Aviso Legal - ZERO Doors<\/title>\n<meta name=\"robots\" content=\"index, follow, max-snippet:-1, max-image-preview:large, max-video-preview:-1\" \/>\n<link rel=\"canonical\" href=\"https:\/\/zerodoors.es\/index.php\/aviso-legal\/\" \/>\n<meta property=\"og:locale\" content=\"es_ES\" \/>\n<meta property=\"og:type\" content=\"article\" \/>\n<meta property=\"og:title\" content=\"Aviso Legal - ZERO Doors\" \/>\n<meta property=\"og:description\" content=\"Aviso Legal \u00daltima actualizaci\u00f3n: 28\/05\/2025 1. Titularidad del Sitio Web En cumplimiento de la legislaci\u00f3n vigente, se informa que el presente sitio web [URL del sitio o dominio] es propiedad de: Nombre de la Empresa: ZerodoorsTel\u00e9fono de contacto: 699 21 97 00Correo electr\u00f3nico: zerodoors@zerodoors.es 2. Objeto El presente sitio tiene por objeto ofrecer informaci\u00f3n sobre [&hellip;]\" \/>\n<meta property=\"og:url\" content=\"https:\/\/zerodoors.es\/index.php\/aviso-legal\/\" \/>\n<meta property=\"og:site_name\" content=\"ZERO Doors\" \/>\n<meta property=\"article:publisher\" content=\"https:\/\/www.facebook.com\/zerointeriordoors\/\" \/>\n<meta property=\"article:modified_time\" content=\"2025-05-28T14:00:53+00:00\" \/>\n<meta name=\"twitter:card\" content=\"summary_large_image\" \/>\n<meta name=\"twitter:label1\" content=\"Tiempo de lectura\" \/>\n\t<meta name=\"twitter:data1\" content=\"2 minutos\" \/>\n<script type=\"application\/ld+json\" class=\"yoast-schema-graph\">{\"@context\":\"https:\/\/schema.org\",\"@graph\":[{\"@type\":\"WebPage\",\"@id\":\"https:\/\/zerodoors.es\/index.php\/aviso-legal\/\",\"url\":\"https:\/\/zerodoors.es\/index.php\/aviso-legal\/\",\"name\":\"Aviso Legal - ZERO Doors\",\"isPartOf\":{\"@id\":\"https:\/\/zerodoors.es\/#website\"},\"datePublished\":\"2025-05-28T13:52:52+00:00\",\"dateModified\":\"2025-05-28T14:00:53+00:00\",\"breadcrumb\":{\"@id\":\"https:\/\/zerodoors.es\/index.php\/aviso-legal\/#breadcrumb\"},\"inLanguage\":\"es\",\"potentialAction\":[{\"@type\":\"ReadAction\",\"target\":[\"https:\/\/zerodoors.es\/index.php\/aviso-legal\/\"]}]},{\"@type\":\"BreadcrumbList\",\"@id\":\"https:\/\/zerodoors.es\/index.php\/aviso-legal\/#breadcrumb\",\"itemListElement\":[{\"@type\":\"ListItem\",\"position\":1,\"name\":\"Portada\",\"item\":\"https:\/\/zerodoors.es\/\"},{\"@type\":\"ListItem\",\"position\":2,\"name\":\"Aviso Legal\"}]},{\"@type\":\"WebSite\",\"@id\":\"https:\/\/zerodoors.es\/#website\",\"url\":\"https:\/\/zerodoors.es\/\",\"name\":\"Zero | La puerta de interior del futuro\",\"description\":\"La puerta que da ZERO problemas\",\"publisher\":{\"@id\":\"https:\/\/zerodoors.es\/#organization\"},\"potentialAction\":[{\"@type\":\"SearchAction\",\"target\":{\"@type\":\"EntryPoint\",\"urlTemplate\":\"https:\/\/zerodoors.es\/?s={search_term_string}\"},\"query-input\":{\"@type\":\"PropertyValueSpecification\",\"valueRequired\":true,\"valueName\":\"search_term_string\"}}],\"inLanguage\":\"es\"},{\"@type\":\"Organization\",\"@id\":\"https:\/\/zerodoors.es\/#organization\",\"name\":\"Zero\",\"url\":\"https:\/\/zerodoors.es\/\",\"logo\":{\"@type\":\"ImageObject\",\"inLanguage\":\"es\",\"@id\":\"https:\/\/zerodoors.es\/#\/schema\/logo\/image\/\",\"url\":\"https:\/\/zerodoors.es\/wp-content\/uploads\/2024\/04\/Green-Simple-Eco-Healthy-Product-Branding-Logo-500-x-150-px.png\",\"contentUrl\":\"https:\/\/zerodoors.es\/wp-content\/uploads\/2024\/04\/Green-Simple-Eco-Healthy-Product-Branding-Logo-500-x-150-px.png\",\"width\":300,\"height\":150,\"caption\":\"Zero\"},\"image\":{\"@id\":\"https:\/\/zerodoors.es\/#\/schema\/logo\/image\/\"},\"sameAs\":[\"https:\/\/www.facebook.com\/zerointeriordoors\/\"]}]}<\/script>\n<!-- \/ Yoast SEO plugin. -->","yoast_head_json":{"title":"Aviso Legal - ZERO Doors","robots":{"index":"index","follow":"follow","max-snippet":"max-snippet:-1","max-image-preview":"max-image-preview:large","max-video-preview":"max-video-preview:-1"},"canonical":"https:\/\/zerodoors.es\/index.php\/aviso-legal\/","og_locale":"es_ES","og_type":"article","og_title":"Aviso Legal - ZERO Doors","og_description":"Aviso Legal \u00daltima actualizaci\u00f3n: 28\/05\/2025 1. Titularidad del Sitio Web En cumplimiento de la legislaci\u00f3n vigente, se informa que el presente sitio web [URL del sitio o dominio] es propiedad de: Nombre de la Empresa: ZerodoorsTel\u00e9fono de contacto: 699 21 97 00Correo electr\u00f3nico: zerodoors@zerodoors.es 2. Objeto El presente sitio tiene por objeto ofrecer informaci\u00f3n sobre [&hellip;]","og_url":"https:\/\/zerodoors.es\/index.php\/aviso-legal\/","og_site_name":"ZERO Doors","article_publisher":"https:\/\/www.facebook.com\/zerointeriordoors\/","article_modified_time":"2025-05-28T14:00:53+00:00","twitter_card":"summary_large_image","twitter_misc":{"Tiempo de lectura":"2 minutos"},"schema":{"@context":"https:\/\/schema.org","@graph":[{"@type":"WebPage","@id":"https:\/\/zerodoors.es\/index.php\/aviso-legal\/","url":"https:\/\/zerodoors.es\/index.php\/aviso-legal\/","name":"Aviso Legal - ZERO Doors","isPartOf":{"@id":"https:\/\/zerodoors.es\/#website"},"datePublished":"2025-05-28T13:52:52+00:00","dateModified":"2025-05-28T14:00:53+00:00","breadcrumb":{"@id":"https:\/\/zerodoors.es\/index.php\/aviso-legal\/#breadcrumb"},"inLanguage":"es","potentialAction":[{"@type":"ReadAction","target":["https:\/\/zerodoors.es\/index.php\/aviso-legal\/"]}]},{"@type":"BreadcrumbList","@id":"https:\/\/zerodoors.es\/index.php\/aviso-legal\/#breadcrumb","itemListElement":[{"@type":"ListItem","position":1,"name":"Portada","item":"https:\/\/zerodoors.es\/"},{"@type":"ListItem","position":2,"name":"Aviso Legal"}]},{"@type":"WebSite","@id":"https:\/\/zerodoors.es\/#website","url":"https:\/\/zerodoors.es\/","name":"Zero | La puerta de interior del futuro","description":"La puerta que da ZERO problemas","publisher":{"@id":"https:\/\/zerodoors.es\/#organization"},"potentialAction":[{"@type":"SearchAction","target":{"@type":"EntryPoint","urlTemplate":"https:\/\/zerodoors.es\/?s={search_term_string}"},"query-input":{"@type":"PropertyValueSpecification","valueRequired":true,"valueName":"search_term_string"}}],"inLanguage":"es"},{"@type":"Organization","@id":"https:\/\/zerodoors.es\/#organization","name":"Zero","url":"https:\/\/zerodoors.es\/","logo":{"@type":"ImageObject","inLanguage":"es","@id":"https:\/\/zerodoors.es\/#\/schema\/logo\/image\/","url":"https:\/\/zerodoors.es\/wp-content\/uploads\/2024\/04\/Green-Simple-Eco-Healthy-Product-Branding-Logo-500-x-150-px.png","contentUrl":"https:\/\/zerodoors.es\/wp-content\/uploads\/2024\/04\/Green-Simple-Eco-Healthy-Product-Branding-Logo-500-x-150-px.png","width":300,"height":150,"caption":"Zero"},"image":{"@id":"https:\/\/zerodoors.es\/#\/schema\/logo\/image\/"},"sameAs":["https:\/\/www.facebook.com\/zerointeriordoors\/"]}]}},"_links":{"self":[{"href":"https:\/\/zerodoors.es\/index.php\/wp-json\/wp\/v2\/pages\/1135","targetHints":{"allow":["GET"]}}],"collection":[{"href":"https:\/\/zerodoors.es\/index.php\/wp-json\/wp\/v2\/pages"}],"about":[{"href":"https:\/\/zerodoors.es\/index.php\/wp-json\/wp\/v2\/types\/page"}],"author":[{"embeddable":true,"href":"https:\/\/zerodoors.es\/index.php\/wp-json\/wp\/v2\/users\/1"}],"replies":[{"embeddable":true,"href":"https:\/\/zerodoors.es\/index.php\/wp-json\/wp\/v2\/comments?post=1135"}],"version-history":[{"count":10,"href":"https:\/\/zerodoors.es\/index.php\/wp-json\/wp\/v2\/pages\/1135\/revisions"}],"predecessor-version":[{"id":1157,"href":"https:\/\/zerodoors.es\/index.php\/wp-json\/wp\/v2\/pages\/1135\/revisions\/1157"}],"wp:attachment":[{"href":"https:\/\/zerodoors.es\/index.php\/wp-json\/wp\/v2\/media?parent=1135"}],"curies":[{"name":"wp","href":"https:\/\/api.w.org\/{rel}","templated":true}]}}